{"id":1476,"date":"2018-12-11T12:13:00","date_gmt":"2018-12-11T11:13:00","guid":{"rendered":"http:\/\/www.cldlibri.it\/wpcld\/prodotto\/un-delitto-dopo-laltro\/"},"modified":"2025-04-28T17:03:12","modified_gmt":"2025-04-28T15:03:12","slug":"un-delitto-dopo-laltro","status":"publish","type":"product","link":"https:\/\/www.cldlibri.it\/wpcld\/?product=un-delitto-dopo-laltro","title":{"rendered":"Un delitto dopo l&#8217;altro"},"content":{"rendered":"<p>Quattordici racconti gialli, tutti premiati o segnalati al Premio Nazionale di Narrativa Poliziesca inedita &#8216;Mario Casacci&#8217; (il creatore, tra l&#8217;altro, del celeberrimo Tenente Sheridan). Il delitto \u00e8 il comune denominatore di tutte le storie, ovviamente, che si svolgono nei luoghi pi\u00f9 diversi: una questura, un bar, la strada. E il lettore trover\u00e0 gustoso avventurarsi nel sentiero del brivido prima di scoprire, come sempre, il nome del colpevole.<\/p>\n","protected":false},"excerpt":{"rendered":"<p>Quattordici racconti gialli, tutti premiati o segnalati al Premio Nazionale di Narrativa Poliziesca inedita &#8216;Mario Casacci&#8217; (il creatore, tra l&#8217;altro, del celeberrimo Tenente Sheridan). Il delitto \u00e8 il comune denominatore di tutte le storie, ovviamente, che si svolgono nei luoghi pi\u00f9 diversi: una questura, un bar, la strada. E il lettore trover\u00e0 gustoso avventurarsi nel [&hellip;]<\/p>\n","protected":false},"featured_media":2287,"template":"","meta":[],"product_brand":[],"product_cat":[76],"product_tag":[],"class_list":{"0":"post-1476","1":"product","2":"type-product","3":"status-publish","4":"has-post-thumbnail","6":"product_cat-narrativa-poesia","7":"product_shipping_class-standard","9":"first","10":"instock","11":"taxable","12":"shipping-taxable","13":"purchasable","14":"product-type-simple"},"_links":{"self":[{"href":"https:\/\/www.cldlibri.it\/wpcld\/index.php?rest_route=\/wp\/v2\/product\/1476","targetHints":{"allow":["GET"]}}],"collection":[{"href":"https:\/\/www.cldlibri.it\/wpcld\/index.php?rest_route=\/wp\/v2\/product"}],"about":[{"href":"https:\/\/www.cldlibri.it\/wpcld\/index.php?rest_route=\/wp\/v2\/types\/product"}],"wp:featuredmedia":[{"embeddable":true,"href":"https:\/\/www.cldlibri.it\/wpcld\/index.php?rest_route=\/wp\/v2\/media\/2287"}],"wp:attachment":[{"href":"https:\/\/www.cldlibri.it\/wpcld\/index.php?rest_route=%2Fwp%2Fv2%2Fmedia&parent=1476"}],"wp:term":[{"taxonomy":"product_brand","embeddable":true,"href":"https:\/\/www.cldlibri.it\/wpcld\/index.php?rest_route=%2Fwp%2Fv2%2Fproduct_brand&post=1476"},{"taxonomy":"product_cat","embeddable":true,"href":"https:\/\/www.cldlibri.it\/wpcld\/index.php?rest_route=%2Fwp%2Fv2%2Fproduct_cat&post=1476"},{"taxonomy":"product_tag","embeddable":true,"href":"https:\/\/www.cldlibri.it\/wpcld\/index.php?rest_route=%2Fwp%2Fv2%2Fproduct_tag&post=1476"}],"curies":[{"name":"wp","href":"https:\/\/api.w.org\/{rel}","templated":true}]}}