{"id":1540,"date":"2018-12-11T12:13:03","date_gmt":"2018-12-11T11:13:03","guid":{"rendered":"http:\/\/www.cldlibri.it\/wpcld\/prodotto\/il-calcio-a-livorno-il-pionierismo-1905-1922\/"},"modified":"2025-04-28T17:01:43","modified_gmt":"2025-04-28T15:01:43","slug":"il-calcio-a-livorno-il-pionierismo-1905-1922","status":"publish","type":"product","link":"https:\/\/www.cldlibri.it\/wpcld\/?product=il-calcio-a-livorno-il-pionierismo-1905-1922","title":{"rendered":"Il calcio a Livorno &#8211; il pionierismo 1905-1922"},"content":{"rendered":"<p>Prima della nascita del Livorno nella forma che oggi conosciamo, passato attraverso numerose denominazioni, il calcio nella citt\u00e0 labronica visse numerose realt\u00e0, le pi\u00f9 famose delle quali, la SPES e la Virtus Juventusque, presero parte ai campionati nazionali prima della fusione. Arricchita da numerosi articoli tratti dai giornali dell\u2019epoca, che fanno risalire il lettore nel tempo remoto, la ricostruzione si completa con il dettaglio tecnico-statistico di tutta l\u2019attivit\u00e0 delle squadre che giocavano a Livorno sino al 1922.<\/p>\n","protected":false},"excerpt":{"rendered":"<p>Prima della nascita del Livorno nella forma che oggi conosciamo, passato attraverso numerose denominazioni, il calcio nella citt\u00e0 labronica visse numerose realt\u00e0, le pi\u00f9 famose delle quali, la SPES e la Virtus Juventusque, presero parte ai campionati nazionali prima della fusione. Arricchita da numerosi articoli tratti dai giornali dell\u2019epoca, che fanno risalire il lettore nel [&hellip;]<\/p>\n","protected":false},"featured_media":2345,"template":"","meta":[],"product_brand":[],"product_cat":[78],"product_tag":[],"class_list":{"0":"post-1540","1":"product","2":"type-product","3":"status-publish","4":"has-post-thumbnail","6":"product_cat-sport-libri-2","7":"product_shipping_class-standard","9":"first","10":"instock","11":"taxable","12":"shipping-taxable","13":"purchasable","14":"product-type-simple"},"_links":{"self":[{"href":"https:\/\/www.cldlibri.it\/wpcld\/index.php?rest_route=\/wp\/v2\/product\/1540","targetHints":{"allow":["GET"]}}],"collection":[{"href":"https:\/\/www.cldlibri.it\/wpcld\/index.php?rest_route=\/wp\/v2\/product"}],"about":[{"href":"https:\/\/www.cldlibri.it\/wpcld\/index.php?rest_route=\/wp\/v2\/types\/product"}],"wp:featuredmedia":[{"embeddable":true,"href":"https:\/\/www.cldlibri.it\/wpcld\/index.php?rest_route=\/wp\/v2\/media\/2345"}],"wp:attachment":[{"href":"https:\/\/www.cldlibri.it\/wpcld\/index.php?rest_route=%2Fwp%2Fv2%2Fmedia&parent=1540"}],"wp:term":[{"taxonomy":"product_brand","embeddable":true,"href":"https:\/\/www.cldlibri.it\/wpcld\/index.php?rest_route=%2Fwp%2Fv2%2Fproduct_brand&post=1540"},{"taxonomy":"product_cat","embeddable":true,"href":"https:\/\/www.cldlibri.it\/wpcld\/index.php?rest_route=%2Fwp%2Fv2%2Fproduct_cat&post=1540"},{"taxonomy":"product_tag","embeddable":true,"href":"https:\/\/www.cldlibri.it\/wpcld\/index.php?rest_route=%2Fwp%2Fv2%2Fproduct_tag&post=1540"}],"curies":[{"name":"wp","href":"https:\/\/api.w.org\/{rel}","templated":true}]}}