{"id":1575,"date":"2018-12-11T12:13:04","date_gmt":"2018-12-11T11:13:04","guid":{"rendered":"http:\/\/www.cldlibri.it\/wpcld\/prodotto\/la-bici-dopata\/"},"modified":"2025-05-06T12:35:30","modified_gmt":"2025-05-06T10:35:30","slug":"la-bici-dopata","status":"publish","type":"product","link":"https:\/\/www.cldlibri.it\/wpcld\/?product=la-bici-dopata","title":{"rendered":"LA BICI DOPATA"},"content":{"rendered":"<p>Nel 2010 il mondo del ciclismo viene funestato da uno scandalo virtualmente pi\u00f9 grave della piaga del doping, le bici da corsa motorizzate. Si tratta di biciclette, dotate al loro interno di un marchingegno, praticamente invisibile, capace di aiutare la pedalata, assisterla, e in alcuni casi, risultare un mezzo letale, capace di fare la differenza sugli avversari. Progettato come un oggetto ad uso commerciale, destinato per lo pi\u00f9 verso i cicloamatori, questo congegno si \u00e8 migliorato nel tempo, tanto da diventare un vero e proprio oggetto pericoloso per i vertici dell\u2019Unione ciclistica internazionale. In questo libro affronteremo insieme un lungo viaggio, durante tutto l\u2019arco del 2010, che ci porter\u00e0 lentamente a scoprire dove e come si \u00e8 originata la notizia, fino ad arrivare ai particolari pi\u00f9 scottanti e ai sospetti che in questi mesi hanno coinvolto alcuni grandi professionisti del ciclismo, soprattutto il campione svizzero Fabian Cancellara, ma anche costruttori importanti. Tutto sul \u201cDoping tecnologico\u201d, per non varcare quella linea che distingue il ciclismo dal motociclismo.<\/p>\n","protected":false},"excerpt":{"rendered":"<p>Nel 2010 il mondo del ciclismo viene funestato da uno scandalo virtualmente pi\u00f9 grave della piaga del doping, le bici da corsa motorizzate. Si tratta di biciclette, dotate al loro interno di un marchingegno, praticamente invisibile, capace di aiutare la pedalata, assisterla, e in alcuni casi, risultare un mezzo letale, capace di fare la differenza [&hellip;]<\/p>\n","protected":false},"featured_media":2438,"template":"","meta":[],"product_brand":[],"product_cat":[78],"product_tag":[],"class_list":{"0":"post-1575","1":"product","2":"type-product","3":"status-publish","4":"has-post-thumbnail","6":"product_cat-sport-libri-2","7":"product_shipping_class-standard","9":"first","10":"instock","11":"taxable","12":"shipping-taxable","13":"purchasable","14":"product-type-simple"},"_links":{"self":[{"href":"https:\/\/www.cldlibri.it\/wpcld\/index.php?rest_route=\/wp\/v2\/product\/1575","targetHints":{"allow":["GET"]}}],"collection":[{"href":"https:\/\/www.cldlibri.it\/wpcld\/index.php?rest_route=\/wp\/v2\/product"}],"about":[{"href":"https:\/\/www.cldlibri.it\/wpcld\/index.php?rest_route=\/wp\/v2\/types\/product"}],"wp:featuredmedia":[{"embeddable":true,"href":"https:\/\/www.cldlibri.it\/wpcld\/index.php?rest_route=\/wp\/v2\/media\/2438"}],"wp:attachment":[{"href":"https:\/\/www.cldlibri.it\/wpcld\/index.php?rest_route=%2Fwp%2Fv2%2Fmedia&parent=1575"}],"wp:term":[{"taxonomy":"product_brand","embeddable":true,"href":"https:\/\/www.cldlibri.it\/wpcld\/index.php?rest_route=%2Fwp%2Fv2%2Fproduct_brand&post=1575"},{"taxonomy":"product_cat","embeddable":true,"href":"https:\/\/www.cldlibri.it\/wpcld\/index.php?rest_route=%2Fwp%2Fv2%2Fproduct_cat&post=1575"},{"taxonomy":"product_tag","embeddable":true,"href":"https:\/\/www.cldlibri.it\/wpcld\/index.php?rest_route=%2Fwp%2Fv2%2Fproduct_tag&post=1575"}],"curies":[{"name":"wp","href":"https:\/\/api.w.org\/{rel}","templated":true}]}}