{"id":1592,"date":"2018-12-11T12:13:05","date_gmt":"2018-12-11T11:13:05","guid":{"rendered":"http:\/\/www.cldlibri.it\/wpcld\/prodotto\/la-comedia\/"},"modified":"2025-04-28T17:01:09","modified_gmt":"2025-04-28T15:01:09","slug":"la-comedia","status":"publish","type":"product","link":"https:\/\/www.cldlibri.it\/wpcld\/?product=la-comedia","title":{"rendered":"La comedia"},"content":{"rendered":"<p>Il sottotitolo dell&#8217;opera recita:&#8221;Interpretata e letta secondo le volont\u00e0 e le intenzioni dell&#8217;Alighieri&#8221;, e gi\u00e0 questo fa intendere il senso del lavoro dell&#8217;autore: proporre un nuovo metodo critico per rilleggere la Commedia, non ancora ribattezzata Divina, secondo le prescrizioni dichiarate da Dante stesso nel presentare il proprio poema a Cangrande Della Scala. Un modo per ripensare la pi\u00f9 grande opera dell&#8217;intelletto umano &#8220;perch\u00e9 finalmente si scopra la verit\u00e0 e la saggezza del nostro pi\u00f9 grande fratello&#8221;.<\/p>\n","protected":false},"excerpt":{"rendered":"<p>Il sottotitolo dell&#8217;opera recita:&#8221;Interpretata e letta secondo le volont\u00e0 e le intenzioni dell&#8217;Alighieri&#8221;, e gi\u00e0 questo fa intendere il senso del lavoro dell&#8217;autore: proporre un nuovo metodo critico per rilleggere la Commedia, non ancora ribattezzata Divina, secondo le prescrizioni dichiarate da Dante stesso nel presentare il proprio poema a Cangrande Della Scala. Un modo per [&hellip;]<\/p>\n","protected":false},"featured_media":2144,"template":"","meta":[],"product_brand":[],"product_cat":[79],"product_tag":[],"class_list":{"0":"post-1592","1":"product","2":"type-product","3":"status-publish","4":"has-post-thumbnail","6":"product_cat-storia","7":"product_shipping_class-standard","9":"first","10":"instock","11":"taxable","12":"shipping-taxable","13":"purchasable","14":"product-type-simple"},"_links":{"self":[{"href":"https:\/\/www.cldlibri.it\/wpcld\/index.php?rest_route=\/wp\/v2\/product\/1592","targetHints":{"allow":["GET"]}}],"collection":[{"href":"https:\/\/www.cldlibri.it\/wpcld\/index.php?rest_route=\/wp\/v2\/product"}],"about":[{"href":"https:\/\/www.cldlibri.it\/wpcld\/index.php?rest_route=\/wp\/v2\/types\/product"}],"wp:featuredmedia":[{"embeddable":true,"href":"https:\/\/www.cldlibri.it\/wpcld\/index.php?rest_route=\/wp\/v2\/media\/2144"}],"wp:attachment":[{"href":"https:\/\/www.cldlibri.it\/wpcld\/index.php?rest_route=%2Fwp%2Fv2%2Fmedia&parent=1592"}],"wp:term":[{"taxonomy":"product_brand","embeddable":true,"href":"https:\/\/www.cldlibri.it\/wpcld\/index.php?rest_route=%2Fwp%2Fv2%2Fproduct_brand&post=1592"},{"taxonomy":"product_cat","embeddable":true,"href":"https:\/\/www.cldlibri.it\/wpcld\/index.php?rest_route=%2Fwp%2Fv2%2Fproduct_cat&post=1592"},{"taxonomy":"product_tag","embeddable":true,"href":"https:\/\/www.cldlibri.it\/wpcld\/index.php?rest_route=%2Fwp%2Fv2%2Fproduct_tag&post=1592"}],"curies":[{"name":"wp","href":"https:\/\/api.w.org\/{rel}","templated":true}]}}