{"id":1627,"date":"2018-12-11T12:13:06","date_gmt":"2018-12-11T11:13:06","guid":{"rendered":"http:\/\/www.cldlibri.it\/wpcld\/prodotto\/cenci\/"},"modified":"2025-04-28T17:01:08","modified_gmt":"2025-04-28T15:01:08","slug":"cenci","status":"publish","type":"product","link":"https:\/\/www.cldlibri.it\/wpcld\/?product=cenci","title":{"rendered":"Icilio Felici &#8211; C\u00e9nci"},"content":{"rendered":"<p>La prima edizione \u00e8 del 1928. Potremmo dire che \u00e8 un libro ormai in&#8230; pensione. C&#8217;\u00e8 qualche ragione per farlo uscire di nuovo all&#8217;aria aperta, dopo anni silenzioni nei vecchi scaffali, per riproporlo, farlo leggere, offrirlo come un frutto maturo ancora saporito? Penso proprio di s\u00ec. Amo pensare che qualche vecchio prenda questo libro, antico e nuovo, e lo narri ai giovani nipoti; le radici e le fronde. Il vecchio sospirer\u00e0 di nostalgia e i giovani riporranno nello zaino della vita qualche tozzo di saggezza.<br data-rich-text-line-break=\"true\" \/>(dalla presentazione di mons. Aldo Armani)<\/p>\n","protected":false},"excerpt":{"rendered":"<p>La prima edizione \u00e8 del 1928. Potremmo dire che \u00e8 un libro ormai in&#8230; pensione. C&#8217;\u00e8 qualche ragione per farlo uscire di nuovo all&#8217;aria aperta, dopo anni silenzioni nei vecchi scaffali, per riproporlo, farlo leggere, offrirlo come un frutto maturo ancora saporito? Penso proprio di s\u00ec. Amo pensare che qualche vecchio prenda questo libro, antico [&hellip;]<\/p>\n","protected":false},"featured_media":3107,"template":"","meta":[],"product_brand":[],"product_cat":[76,159,79],"product_tag":[],"class_list":{"0":"post-1627","1":"product","2":"type-product","3":"status-publish","4":"has-post-thumbnail","6":"product_cat-narrativa-poesia","7":"product_cat-personaggi","8":"product_cat-storia","9":"product_shipping_class-standard","11":"first","12":"instock","13":"taxable","14":"shipping-taxable","15":"purchasable","16":"product-type-simple"},"_links":{"self":[{"href":"https:\/\/www.cldlibri.it\/wpcld\/index.php?rest_route=\/wp\/v2\/product\/1627","targetHints":{"allow":["GET"]}}],"collection":[{"href":"https:\/\/www.cldlibri.it\/wpcld\/index.php?rest_route=\/wp\/v2\/product"}],"about":[{"href":"https:\/\/www.cldlibri.it\/wpcld\/index.php?rest_route=\/wp\/v2\/types\/product"}],"wp:featuredmedia":[{"embeddable":true,"href":"https:\/\/www.cldlibri.it\/wpcld\/index.php?rest_route=\/wp\/v2\/media\/3107"}],"wp:attachment":[{"href":"https:\/\/www.cldlibri.it\/wpcld\/index.php?rest_route=%2Fwp%2Fv2%2Fmedia&parent=1627"}],"wp:term":[{"taxonomy":"product_brand","embeddable":true,"href":"https:\/\/www.cldlibri.it\/wpcld\/index.php?rest_route=%2Fwp%2Fv2%2Fproduct_brand&post=1627"},{"taxonomy":"product_cat","embeddable":true,"href":"https:\/\/www.cldlibri.it\/wpcld\/index.php?rest_route=%2Fwp%2Fv2%2Fproduct_cat&post=1627"},{"taxonomy":"product_tag","embeddable":true,"href":"https:\/\/www.cldlibri.it\/wpcld\/index.php?rest_route=%2Fwp%2Fv2%2Fproduct_tag&post=1627"}],"curies":[{"name":"wp","href":"https:\/\/api.w.org\/{rel}","templated":true}]}}