{"id":3155,"date":"2020-01-21T12:40:27","date_gmt":"2020-01-21T11:40:27","guid":{"rendered":"http:\/\/www.cldlibri.it\/wpcld\/?post_type=product&#038;p=3155"},"modified":"2025-04-28T16:49:49","modified_gmt":"2025-04-28T14:49:49","slug":"carlo-caterini-pelope","status":"publish","type":"product","link":"https:\/\/www.cldlibri.it\/wpcld\/?product=carlo-caterini-pelope","title":{"rendered":"Carlo Caterini &#8211; P\u00e8lope"},"content":{"rendered":"<p>&#8220;Un po&#8217; di mitologia anche per Pisa: P\u00e8lope, chi era costui? Da pisano mi sono sempre domandato di come nacque e quando nacque la nostra citt\u00e0. C&#8217;era una Pisa in Grecia, e P\u00e8lope, figlio di un certo Tantalo re di Lidia, era divenuto il suo re. Sembra facesse parte della spedizione achea che and\u00f2 a distruggere Troia.<br \/>\n(dall&#8217;introduzione dell&#8217;Autore)<\/p>\n<p>&nbsp;<\/p>\n","protected":false},"excerpt":{"rendered":"<p>&#8220;Un po&#8217; di mitologia anche per Pisa: P\u00e8lope, chi era costui? Da pisano mi sono sempre domandato di come nacque e quando nacque la nostra citt\u00e0. C&#8217;era una Pisa in Grecia, e P\u00e8lope, figlio di un certo Tantalo re di Lidia, era divenuto il suo re. Sembra facesse parte della spedizione achea che and\u00f2 a [&hellip;]<\/p>\n","protected":false},"featured_media":3149,"template":"","meta":[],"product_brand":[],"product_cat":[76],"product_tag":[207,206,205],"class_list":{"0":"post-3155","1":"product","2":"type-product","3":"status-publish","4":"has-post-thumbnail","6":"product_cat-narrativa-poesia","7":"product_tag-caterini","8":"product_tag-pisa","9":"product_tag-vernacolo","10":"product_shipping_class-standard","12":"first","13":"instock","14":"taxable","15":"shipping-taxable","16":"purchasable","17":"product-type-simple"},"_links":{"self":[{"href":"https:\/\/www.cldlibri.it\/wpcld\/index.php?rest_route=\/wp\/v2\/product\/3155","targetHints":{"allow":["GET"]}}],"collection":[{"href":"https:\/\/www.cldlibri.it\/wpcld\/index.php?rest_route=\/wp\/v2\/product"}],"about":[{"href":"https:\/\/www.cldlibri.it\/wpcld\/index.php?rest_route=\/wp\/v2\/types\/product"}],"wp:featuredmedia":[{"embeddable":true,"href":"https:\/\/www.cldlibri.it\/wpcld\/index.php?rest_route=\/wp\/v2\/media\/3149"}],"wp:attachment":[{"href":"https:\/\/www.cldlibri.it\/wpcld\/index.php?rest_route=%2Fwp%2Fv2%2Fmedia&parent=3155"}],"wp:term":[{"taxonomy":"product_brand","embeddable":true,"href":"https:\/\/www.cldlibri.it\/wpcld\/index.php?rest_route=%2Fwp%2Fv2%2Fproduct_brand&post=3155"},{"taxonomy":"product_cat","embeddable":true,"href":"https:\/\/www.cldlibri.it\/wpcld\/index.php?rest_route=%2Fwp%2Fv2%2Fproduct_cat&post=3155"},{"taxonomy":"product_tag","embeddable":true,"href":"https:\/\/www.cldlibri.it\/wpcld\/index.php?rest_route=%2Fwp%2Fv2%2Fproduct_tag&post=3155"}],"curies":[{"name":"wp","href":"https:\/\/api.w.org\/{rel}","templated":true}]}}