{"id":3397,"date":"2020-05-08T13:54:23","date_gmt":"2020-05-08T11:54:23","guid":{"rendered":"http:\/\/www.cldlibri.it\/wpcld\/?post_type=product&#038;p=3397"},"modified":"2025-04-28T16:49:48","modified_gmt":"2025-04-28T14:49:48","slug":"vespismo-italiano-vol-i-n-2","status":"publish","type":"product","link":"https:\/\/www.cldlibri.it\/wpcld\/?product=vespismo-italiano-vol-i-n-2","title":{"rendered":"Vespismo Italiano vol. I n. 2"},"content":{"rendered":"<p>Quando \u00e8 nato lo scooter? Non certo nel secondo dopoguerra con Vespa e Lambretta, anche se questi sono stati i migliori esempi di realizzazione dell&#8217;idea. Forse all&#8217;inizio del Novecento, con i numerosi tentativi di piccole aziende di Gran Bretagna e Francia, che tuttavia non trovano terreno fertile per la loro affermazione sul mercato dei motocicli. Forse dopo la prima guerra mondiale, quando in molti Paesi europei si cerca di dare una risposta al desiderio di motorizzazione leggera ed economica. Forse negli Stati Uniti, dove si sviluppano idee interessanti ma dai rari sbocchi pratici.<\/p>\n<p>In realt\u00e0 lo scooter nasce un poco alla volta, ed \u00e8 il frutto di decine e decine di tentativi mal riusciti, progetti lasciati a met\u00e0 o abbandonati per mancanza di fondi, e dell&#8217;incapacit\u00e0 di superare lo scoglio del disinteresse da parte del mondo della motocicletta &#8220;vera&#8221;, quella potente e rombante.<\/p>\n<p>Ci vorr\u00e0 il genio di un inventore abruzzese, talvolta incompreso nelle sue capacit\u00e0 visionarie, a iniziare una stagione di successi che dura ancora oggi. E la caparbiet\u00e0 di un imprenditore genovese disposto a tutto pur di far &#8220;passare&#8221; nella mentalit\u00e0 dell&#8217;epoca il concetto di motomezzo piccolo, funzionale, poco dispendioso, e nonostante tutto questo pure bellissimo.<\/p>\n","protected":false},"excerpt":{"rendered":"<p>Quando \u00e8 nato lo scooter? Non certo nel secondo dopoguerra con Vespa e Lambretta, anche se questi sono stati i migliori esempi di realizzazione dell&#8217;idea. Forse all&#8217;inizio del Novecento, con i numerosi tentativi di piccole aziende di Gran Bretagna e Francia, che tuttavia non trovano terreno fertile per la loro affermazione sul mercato dei motocicli. [&hellip;]<\/p>\n","protected":false},"featured_media":3389,"template":"","meta":[],"product_brand":[],"product_cat":[57,8,269],"product_tag":[267,266],"class_list":{"0":"post-3397","1":"product","2":"type-product","3":"status-publish","4":"has-post-thumbnail","6":"product_cat-libri","7":"product_cat-vespa","8":"product_cat-vespismo-italiano","9":"product_tag-italiano","10":"product_tag-vespismo","11":"product_shipping_class-standard","13":"first","14":"instock","15":"taxable","16":"shipping-taxable","17":"purchasable","18":"product-type-simple"},"_links":{"self":[{"href":"https:\/\/www.cldlibri.it\/wpcld\/index.php?rest_route=\/wp\/v2\/product\/3397","targetHints":{"allow":["GET"]}}],"collection":[{"href":"https:\/\/www.cldlibri.it\/wpcld\/index.php?rest_route=\/wp\/v2\/product"}],"about":[{"href":"https:\/\/www.cldlibri.it\/wpcld\/index.php?rest_route=\/wp\/v2\/types\/product"}],"wp:featuredmedia":[{"embeddable":true,"href":"https:\/\/www.cldlibri.it\/wpcld\/index.php?rest_route=\/wp\/v2\/media\/3389"}],"wp:attachment":[{"href":"https:\/\/www.cldlibri.it\/wpcld\/index.php?rest_route=%2Fwp%2Fv2%2Fmedia&parent=3397"}],"wp:term":[{"taxonomy":"product_brand","embeddable":true,"href":"https:\/\/www.cldlibri.it\/wpcld\/index.php?rest_route=%2Fwp%2Fv2%2Fproduct_brand&post=3397"},{"taxonomy":"product_cat","embeddable":true,"href":"https:\/\/www.cldlibri.it\/wpcld\/index.php?rest_route=%2Fwp%2Fv2%2Fproduct_cat&post=3397"},{"taxonomy":"product_tag","embeddable":true,"href":"https:\/\/www.cldlibri.it\/wpcld\/index.php?rest_route=%2Fwp%2Fv2%2Fproduct_tag&post=3397"}],"curies":[{"name":"wp","href":"https:\/\/api.w.org\/{rel}","templated":true}]}}