{"id":3661,"date":"2021-07-01T14:21:29","date_gmt":"2021-07-01T12:21:29","guid":{"rendered":"http:\/\/www.cldlibri.it\/wpcld\/?post_type=product&#038;p=3661"},"modified":"2025-04-28T16:49:47","modified_gmt":"2025-04-28T14:49:47","slug":"almanacco-di-capannoli-e-della-valdera","status":"publish","type":"product","link":"https:\/\/www.cldlibri.it\/wpcld\/?product=almanacco-di-capannoli-e-della-valdera","title":{"rendered":"Almanacco di Capannoli e della Valdera"},"content":{"rendered":"<p>Moreno Bertini, apprezzatissimo collezionista e scrittore delle cose della Valdera, prosegue la propria attivit\u00e0 di attento divulgatore con il secondo volume dell'&#8221;Almanacco di Capannoli e della Valdera&#8221;.<br \/>\nUna nuova edizione, dopo la prima del 2017, con notizie, rubriche, apparato iconografico e strutturazione degli argomenti dallo spirito un po&#8217; meno goliardico e un po&#8217; pi\u00f9 letterario. Continua dunque il viaggio nella cronaca (che gi\u00e0 \u00e8 divenuta storia) degli avvenimenti e dei personaggi: a questo proposito, l&#8217;Autore scrive nella prefazione al volume <em>&#8220;Ho voluto raccontare (e stampare sulla carta) i luoghi di Capannoli e Santo Pietro, e poi la gente. Tutta quella gente che non resta tra le pagine dei libri, nei documenti ufficiali, sulle epigrafi marmoree. Quella che spesso non ha nomi ma soprannomi, quella che non ha mai avuto un futuro, solo qualche brandello di passato breve e sgualcito, uguale da sempre. Tutta quella gente, insomma, che \u00e8 stata dimenticata, chiamata dopo tanti anni dalla voce leggera del ricordo&#8221;<\/em>.<\/p>\n","protected":false},"excerpt":{"rendered":"<p>Moreno Bertini, apprezzatissimo collezionista e scrittore delle cose della Valdera, prosegue la propria attivit\u00e0 di attento divulgatore con il secondo volume dell&#8217;&#8221;Almanacco di Capannoli e della Valdera&#8221;. Una nuova edizione, dopo la prima del 2017, con notizie, rubriche, apparato iconografico e strutturazione degli argomenti dallo spirito un po&#8217; meno goliardico e un po&#8217; pi\u00f9 letterario. [&hellip;]<\/p>\n","protected":false},"featured_media":3659,"template":"","meta":[],"product_brand":[],"product_cat":[79,80],"product_tag":[306,304,230,305,303],"class_list":{"0":"post-3661","1":"product","2":"type-product","3":"status-publish","4":"has-post-thumbnail","6":"product_cat-storia","7":"product_cat-territorio","8":"product_tag-almanacco","9":"product_tag-bertini","10":"product_tag-capannoli","11":"product_tag-santo-pietro","12":"product_tag-valdera","13":"product_shipping_class-standard","15":"first","16":"instock","17":"taxable","18":"shipping-taxable","19":"purchasable","20":"product-type-simple"},"_links":{"self":[{"href":"https:\/\/www.cldlibri.it\/wpcld\/index.php?rest_route=\/wp\/v2\/product\/3661","targetHints":{"allow":["GET"]}}],"collection":[{"href":"https:\/\/www.cldlibri.it\/wpcld\/index.php?rest_route=\/wp\/v2\/product"}],"about":[{"href":"https:\/\/www.cldlibri.it\/wpcld\/index.php?rest_route=\/wp\/v2\/types\/product"}],"wp:featuredmedia":[{"embeddable":true,"href":"https:\/\/www.cldlibri.it\/wpcld\/index.php?rest_route=\/wp\/v2\/media\/3659"}],"wp:attachment":[{"href":"https:\/\/www.cldlibri.it\/wpcld\/index.php?rest_route=%2Fwp%2Fv2%2Fmedia&parent=3661"}],"wp:term":[{"taxonomy":"product_brand","embeddable":true,"href":"https:\/\/www.cldlibri.it\/wpcld\/index.php?rest_route=%2Fwp%2Fv2%2Fproduct_brand&post=3661"},{"taxonomy":"product_cat","embeddable":true,"href":"https:\/\/www.cldlibri.it\/wpcld\/index.php?rest_route=%2Fwp%2Fv2%2Fproduct_cat&post=3661"},{"taxonomy":"product_tag","embeddable":true,"href":"https:\/\/www.cldlibri.it\/wpcld\/index.php?rest_route=%2Fwp%2Fv2%2Fproduct_tag&post=3661"}],"curies":[{"name":"wp","href":"https:\/\/api.w.org\/{rel}","templated":true}]}}