{"id":4178,"date":"2026-01-26T17:01:21","date_gmt":"2026-01-26T16:01:21","guid":{"rendered":"https:\/\/www.cldlibri.it\/wpcld\/?post_type=product&#038;p=4178"},"modified":"2026-01-26T17:10:27","modified_gmt":"2026-01-26T16:10:27","slug":"amati-di-piu","status":"publish","type":"product","link":"https:\/\/www.cldlibri.it\/wpcld\/?product=amati-di-piu","title":{"rendered":"Amati di pi\u00f9"},"content":{"rendered":"<p>Questo libro rappresenta un viaggio di scoperta e di crescita personale, orientato a potenziare l\u2019autostima e la motivazione del lettore. Attraverso una serie di esercizi pratici e calzanti, il testo guida il lettore verso l\u2019identificazione dei propri desideri e aspirazioni, aprendo le porte a una trasformazione naturale e significativa. Si affronta il tema del cambiamento con determinazione, incoraggiando a non rimanere inerti, ma a tuffarsi con<br \/>\nfiducia nelle acque della propria evoluzione personale. Il libro esplora le dinamiche sociali che influenzano il nostro successo e il nostro benessere, analizzando l\u2019impatto delle persone che ci circondano e l\u2019importanza di combattere l\u2019inaffidabilit\u00e0. Invita a desiderare ci\u00f2 che si ha, a diventare la miglior versione di se stessi e a coltivare una mentalit\u00e0 ottimista, evitando il pessimismo e l\u2019eccessivo bisogno di compiacere gli altri. Attraverso strategie pratiche, il lettore apprender\u00e0 tutte le tecniche per migliorare il proprio benessere mentale ed emotivo, sviluppando la resilienza e un pensiero positivo. Si discuter\u00e0 della potenza delle parole e dell\u2019importanza di una comunicazione efficace e assertiva, inclusi temi come il saper dire \u201cno\u201d e l\u2019approccio da leader nella vita quotidiana.<br \/>\nIl libro invita a liberarsi dalle zavorre emotive e mentali che limitano il successo, affrontando la tristezza e trovando un equilibrio tra il proprio io e gli altri. Una lettura piacevole che offre gli strumenti necessari per vivere con successo, generando energia e ottimismo, e per essere amati e rispettati dagli altri.<\/p>\n","protected":false},"excerpt":{"rendered":"<p>Questo libro rappresenta un viaggio di scoperta e di crescita personale, orientato a potenziare l\u2019autostima e la motivazione del lettore. Attraverso una serie di esercizi pratici e calzanti, il testo guida il lettore verso l\u2019identificazione dei propri desideri e aspirazioni, aprendo le porte a una trasformazione naturale e significativa. Si affronta il tema del cambiamento con determinazione, incoraggiando a non rimanere inerti, ma a tuffarsi con<br \/>\nfiducia nelle acque della propria evoluzione personale.<\/p>\n","protected":false},"featured_media":4179,"template":"","meta":[],"product_brand":[],"product_cat":[54,76],"product_tag":[],"class_list":{"0":"post-4178","1":"product","2":"type-product","3":"status-publish","4":"has-post-thumbnail","6":"product_cat-senza-categoria","7":"product_cat-narrativa-poesia","9":"first","10":"instock","11":"taxable","12":"shipping-taxable","13":"purchasable","14":"product-type-simple"},"_links":{"self":[{"href":"https:\/\/www.cldlibri.it\/wpcld\/index.php?rest_route=\/wp\/v2\/product\/4178","targetHints":{"allow":["GET"]}}],"collection":[{"href":"https:\/\/www.cldlibri.it\/wpcld\/index.php?rest_route=\/wp\/v2\/product"}],"about":[{"href":"https:\/\/www.cldlibri.it\/wpcld\/index.php?rest_route=\/wp\/v2\/types\/product"}],"wp:featuredmedia":[{"embeddable":true,"href":"https:\/\/www.cldlibri.it\/wpcld\/index.php?rest_route=\/wp\/v2\/media\/4179"}],"wp:attachment":[{"href":"https:\/\/www.cldlibri.it\/wpcld\/index.php?rest_route=%2Fwp%2Fv2%2Fmedia&parent=4178"}],"wp:term":[{"taxonomy":"product_brand","embeddable":true,"href":"https:\/\/www.cldlibri.it\/wpcld\/index.php?rest_route=%2Fwp%2Fv2%2Fproduct_brand&post=4178"},{"taxonomy":"product_cat","embeddable":true,"href":"https:\/\/www.cldlibri.it\/wpcld\/index.php?rest_route=%2Fwp%2Fv2%2Fproduct_cat&post=4178"},{"taxonomy":"product_tag","embeddable":true,"href":"https:\/\/www.cldlibri.it\/wpcld\/index.php?rest_route=%2Fwp%2Fv2%2Fproduct_tag&post=4178"}],"curies":[{"name":"wp","href":"https:\/\/api.w.org\/{rel}","templated":true}]}}